{"id":120,"date":"2015-01-17T12:29:59","date_gmt":"2015-01-17T11:29:59","guid":{"rendered":"http:\/\/misgolu.ch\/?page_id=120"},"modified":"2019-07-29T20:20:09","modified_gmt":"2019-07-29T18:20:09","slug":"granite","status":"publish","type":"page","link":"https:\/\/misgolu.ch\/?page_id=120","title":{"rendered":"Granite"},"content":{"rendered":"<p>&nbsp;<\/p>\n<p><span style=\"color: #252525;\"><span style=\"font-family: sans-serif;\"><span lang=\"de-DE\">Granite sind plutonische Gesteine. Das heisst, sie sind durch die langsame Abk\u00fchlung von Magma tief im inneren der Erde entstanden. Durch das langsame Abk\u00fchlen konnten die einzelnen Minerale zu gr\u00f6sseren Mineralk\u00f6rnern auskristallisieren. Je gr\u00f6sser die einzelnen Mineralk\u00f6rner sind, desto langsamer\u00a0war das Gestein abgek\u00fchlt worden.<\/span><\/span><\/span><\/p>\n<p><span style=\"color: #252525;\"><span style=\"font-family: sans-serif;\"><span lang=\"de-DE\">Granite bestehen haupts\u00e4chlich aus Quarz, Feldsp\u00e4ten und dunklen (20-40%) Mineralien. Bei den Feldsp\u00e4ten handelt es sich vor allem um <a href=\"http:\/\/misgolu.ch\/wp-content\/uploads\/2015\/01\/Feldspatdiagramm-Wikipedia.jpg\" target=\"_blank\" rel=\"noopener noreferrer\">Alkalifeldsp\u00e4te (Na-Ka) und Plagioklase (Na-Ca)<\/a>. Bei den dunklen Mineralien handelt es sich meist um Biotit, manchmal Amphibole oder Hellglimmer.<\/span><\/span><\/span><\/p>\n<p><span style=\"color: #252525;\"><span style=\"font-family: sans-serif;\"><span lang=\"de-DE\">Bei der unendlichen Vielfalt der Mineralkombinationen ist es schwierig Granite auf der Stelle genau zu benennen. Auch handelt es sich vielleicht gar nicht um einen Granit, sondern um einen Syenite, Monzonit oder Diorit. Einen \u00fcberblick \u00fcber die Klassifizierung der Plutonite gibt das <a href=\"http:\/\/de.wikipedia.org\/wiki\/Granit#mediaviewer\/File:Streckeisen_Granite.jpg\" target=\"_blank\" rel=\"noopener noreferrer\">Doppeldreieck nach Streckeisen<\/a>.<\/span><\/span><\/span><\/p>\n<p><span style=\"color: #252525;\"><span style=\"font-family: sans-serif;\"><span lang=\"de-DE\">\u00a0<\/span><\/span><\/span>(Quelle: <a href=\"http:\/\/de.wikipedia.org\/wiki\/Granit\" target=\"_blank\" rel=\"noopener noreferrer\">Wikipedia Granit<\/a>)<\/p>\n","protected":false},"excerpt":{"rendered":"<p>&nbsp; Granite sind plutonische Gesteine. Das heisst, sie sind durch die langsame Abk\u00fchlung von Magma tief im inneren der Erde entstanden. Durch das langsame Abk\u00fchlen konnten die einzelnen Minerale zu gr\u00f6sseren Mineralk\u00f6rnern auskristallisieren. Je gr\u00f6sser die einzelnen Mineralk\u00f6rner sind, desto langsamer\u00a0war das Gestein abgek\u00fchlt worden. Granite bestehen haupts\u00e4chlich aus Quarz,\u2026<\/p>\n<p class=\"continue-reading-button\"> <a class=\"continue-reading-link\" href=\"https:\/\/misgolu.ch\/?page_id=120\">Lese mehr &#8230;<i class=\"crycon-right-dir\"><\/i><\/a><\/p>\n","protected":false},"author":1,"featured_media":0,"parent":94,"menu_order":0,"comment_status":"closed","ping_status":"closed","template":"","meta":[],"_links":{"self":[{"href":"https:\/\/misgolu.ch\/index.php?rest_route=\/wp\/v2\/pages\/120"}],"collection":[{"href":"https:\/\/misgolu.ch\/index.php?rest_route=\/wp\/v2\/pages"}],"about":[{"href":"https:\/\/misgolu.ch\/index.php?rest_route=\/wp\/v2\/types\/page"}],"author":[{"embeddable":true,"href":"https:\/\/misgolu.ch\/index.php?rest_route=\/wp\/v2\/users\/1"}],"replies":[{"embeddable":true,"href":"https:\/\/misgolu.ch\/index.php?rest_route=%2Fwp%2Fv2%2Fcomments&post=120"}],"version-history":[{"count":4,"href":"https:\/\/misgolu.ch\/index.php?rest_route=\/wp\/v2\/pages\/120\/revisions"}],"predecessor-version":[{"id":531,"href":"https:\/\/misgolu.ch\/index.php?rest_route=\/wp\/v2\/pages\/120\/revisions\/531"}],"up":[{"embeddable":true,"href":"https:\/\/misgolu.ch\/index.php?rest_route=\/wp\/v2\/pages\/94"}],"wp:attachment":[{"href":"https:\/\/misgolu.ch\/index.php?rest_route=%2Fwp%2Fv2%2Fmedia&parent=120"}],"curies":[{"name":"wp","href":"https:\/\/api.w.org\/{rel}","templated":true}]}}