{"id":130,"date":"2015-01-17T12:49:47","date_gmt":"2015-01-17T11:49:47","guid":{"rendered":"http:\/\/misgolu.ch\/?page_id=130"},"modified":"2015-02-21T06:15:41","modified_gmt":"2015-02-21T05:15:41","slug":"kalkstein","status":"publish","type":"page","link":"https:\/\/misgolu.ch\/?page_id=130","title":{"rendered":"Kalkstein"},"content":{"rendered":"<p><span style=\"color: #252525;\"><span style=\"font-family: sans-serif;\"><span lang=\"de-DE\">Kalksteine bestehen aus dem Chemischen Stoff Calciumcarbonat (CaCO\u2083). Es ist ein Sedimentgestein das haupts\u00e4chlich biogenen Ursprungs ist. Das heisst, dass sie von Lebewesen gebildet wurden. Meistens wurden sie von Mikroorganismen oder gesteinsbildenden Korallen abgelagert. Sie k\u00f6nnen aber auch aus Schnecken, Muscheln oder Schw\u00e4mmen entstanden sein, deren Aussen- oder Innenskelette aus Kalziumkarbonat bestehen.<\/span><\/span><\/span><\/p>\n<p><span style=\"color: #252525;\"><span style=\"font-family: sans-serif;\"><span lang=\"de-DE\">Ein grosser Teil der Kalksteine entstand durch die Schalen der abgestorbenen Mikroorganismen, die nach deren Tod zu Boden sinken und zu einem Kalkschlamm werden, welcher dann zu Stein wurde. Die Kalkschl\u00e4mme k\u00f6nnen sich allerdings nur bis zu einer gewissen Tiefe bilden, da aufgrund des Wasserdruckes das Karbonat vollst\u00e4ndig im Wasser gel\u00f6st wird. Unter dieser Grenze (4500 bis 5000m in den Tropen) gibt es nur noch\u00a0karbonatfreie Sedimente (siehe <a title=\"Radiolarit\" href=\"http:\/\/misgolu.ch\/?page_id=125\" target=\"_blank\">Radiolarit<\/a>).<\/span><\/span><\/span><\/p>\n<p><span style=\"color: #252525;\"><span style=\"font-family: sans-serif;\"><span lang=\"de-DE\">Es gibt aber auch chemisch ausgef\u00e4llte\u00a0und klastische Kalksteine. Bei den chemisch ausgef\u00e4llten Kalksteinen hat sich das Kalziumkarbonat\u00a0aus dem Wasser ausgeschieden (durch Druck und Temperatur\u00e4nderungen). Bei den klastischen Kalksteinen handelt es sich um eine Ansammlung von zerbrochenen Kalksteinfragmenten.<\/span><\/span><\/span><\/p>\n<p><span style=\"color: #252525;\"><span style=\"font-family: sans-serif;\"><span lang=\"de-DE\">Ist ein betr\u00e4chtlicher Teil des\u00a0Kalziums durch Magnesium ersetzt, wird aus dem Kalkstein ein Dolomit. Die chemische Formel ist dann \u00a0<span style=\"color: #252525; font-family: Arial;\">Ca\/MgCO\u2083<\/span><\/span><\/span><\/span><\/p>\n<p><span style=\"color: #252525;\"><span style=\"font-family: sans-serif;\"><span lang=\"de-DE\"><span style=\"color: #252525; font-family: Arial;\">Kalzit ist manchmal weiss wie Quarz und dann schwierig von im zu unterscheiden. Aufgrund der H\u00e4rte kann man aber die Unterscheidung machen. Quarz ritzt Stahl, Kalzit aber nicht. Eine weitere Methode ist der gebrauch von verd\u00fcnnter Salzs\u00e4ure, welche beim Kalkstein ein aufsch\u00e4umen bewirkt (Entstehung von CO\u2082), jedoch beim Quarz keine Reaktion ausl\u00f6st. Handelt es sich um Dolomit, sch\u00e4umt es weniger stark.<\/span><\/span><\/span><\/span><\/p>\n<p><span style=\"color: #252525;\"><span style=\"font-family: sans-serif;\"><span lang=\"de-DE\">\u00a0<\/span><\/span><\/span>(Weitere Informationen: <a href=\"http:\/\/de.wikipedia.org\/wiki\/Kalkstein\" target=\"_blank\">Wikipedia Kalkstein<\/a>)<\/p>\n","protected":false},"excerpt":{"rendered":"<p>Kalksteine bestehen aus dem Chemischen Stoff Calciumcarbonat (CaCO\u2083). Es ist ein Sedimentgestein das haupts\u00e4chlich biogenen Ursprungs ist. Das heisst, dass sie von Lebewesen gebildet wurden. Meistens wurden sie von Mikroorganismen oder gesteinsbildenden Korallen abgelagert. Sie k\u00f6nnen aber auch aus Schnecken, Muscheln oder Schw\u00e4mmen entstanden sein, deren Aussen- oder Innenskelette aus\u2026<\/p>\n<p class=\"continue-reading-button\"> <a class=\"continue-reading-link\" href=\"https:\/\/misgolu.ch\/?page_id=130\">Lese mehr &#8230;<i class=\"crycon-right-dir\"><\/i><\/a><\/p>\n","protected":false},"author":1,"featured_media":0,"parent":94,"menu_order":2,"comment_status":"closed","ping_status":"closed","template":"","meta":[],"_links":{"self":[{"href":"https:\/\/misgolu.ch\/index.php?rest_route=\/wp\/v2\/pages\/130"}],"collection":[{"href":"https:\/\/misgolu.ch\/index.php?rest_route=\/wp\/v2\/pages"}],"about":[{"href":"https:\/\/misgolu.ch\/index.php?rest_route=\/wp\/v2\/types\/page"}],"author":[{"embeddable":true,"href":"https:\/\/misgolu.ch\/index.php?rest_route=\/wp\/v2\/users\/1"}],"replies":[{"embeddable":true,"href":"https:\/\/misgolu.ch\/index.php?rest_route=%2Fwp%2Fv2%2Fcomments&post=130"}],"version-history":[{"count":3,"href":"https:\/\/misgolu.ch\/index.php?rest_route=\/wp\/v2\/pages\/130\/revisions"}],"predecessor-version":[{"id":180,"href":"https:\/\/misgolu.ch\/index.php?rest_route=\/wp\/v2\/pages\/130\/revisions\/180"}],"up":[{"embeddable":true,"href":"https:\/\/misgolu.ch\/index.php?rest_route=\/wp\/v2\/pages\/94"}],"wp:attachment":[{"href":"https:\/\/misgolu.ch\/index.php?rest_route=%2Fwp%2Fv2%2Fmedia&parent=130"}],"curies":[{"name":"wp","href":"https:\/\/api.w.org\/{rel}","templated":true}]}}