{"id":133,"date":"2015-01-17T12:56:30","date_gmt":"2015-01-17T11:56:30","guid":{"rendered":"http:\/\/misgolu.ch\/?page_id=133"},"modified":"2015-02-21T06:42:17","modified_gmt":"2015-02-21T05:42:17","slug":"sandstein","status":"publish","type":"page","link":"https:\/\/misgolu.ch\/?page_id=133","title":{"rendered":"Sandstein"},"content":{"rendered":"<p><span style=\"color: #252525;\"><span style=\"font-family: sans-serif;\"><span lang=\"de-DE\"><b>Sandstein<\/b><\/span><\/span><\/span><span style=\"color: #252525;\"><span style=\"font-family: sans-serif;\"><span lang=\"de-DE\">\u00a0ist ein klastisches\u00a0<\/span><\/span><\/span><a href=\"http:\/\/de.wikipedia.org\/wiki\/Sedimente_und_Sedimentgesteine\" target=\"_blank\"><span style=\"color: #0b0080;\"><span style=\"font-family: sans-serif;\"><span lang=\"de-DE\">Sedimentgestein<\/span><\/span><\/span><\/a><span style=\"color: #252525;\"><span style=\"font-family: sans-serif;\"><span lang=\"de-DE\">\u00a0mit einem Anteil von mindestens 50\u00a0%\u00a0<\/span><\/span><\/span><span style=\"color: #000000;\"><span style=\"font-family: sans-serif;\"><span lang=\"de-DE\">Sandk\u00f6rnern<\/span><\/span><\/span><span style=\"color: #252525;\"><span style=\"font-family: sans-serif;\"><span lang=\"de-DE\">. Die Sandk\u00f6rner sind per Eigendefinition zwischen 0,063 und 2\u00a0mm gro\u00df und bestehen aus verschiedenen\u00a0<\/span><\/span><\/span><a href=\"http:\/\/de.wikipedia.org\/wiki\/Liste_der_Minerale\" target=\"_blank\"><span style=\"color: #0b0080;\"><span style=\"font-family: sans-serif;\"><span lang=\"de-DE\">Mineralen<\/span><\/span><\/span><\/a><span style=\"color: #252525;\"><span style=\"font-family: sans-serif;\"><span lang=\"de-DE\">, meistens <span style=\"color: #252525; font-family: Arial;\">jedoch aus <\/span><a href=\"http:\/\/de.wikipedia.org\/wiki\/Quarz\" target=\"_blank\"><span style=\"color: #0b0080;\"><span style=\"font-family: sans-serif;\"><span lang=\"de-DE\">Quarz<\/span><\/span><\/span><\/a><span style=\"color: #252525;\"><span style=\"font-family: sans-serif;\"><span lang=\"de-DE\">.<\/span><\/span><\/span><\/span><\/span><\/span><\/p>\n<p><span style=\"color: #252525;\"><span style=\"font-family: sans-serif;\"><span lang=\"de-DE\">Ein Sandstein ist ein Sedimentgestein, das aus kleinen Gesteinspartikeln besteht. Dabei muss der Anteil der Sandk\u00f6rner mindestens 50% sein. Per Definition spricht man von Sandk\u00f6rnern wenn die Gr\u00f6sse der K\u00f6rner zwischen 0.063 und 2 mm liegt. Die K\u00f6rner k\u00f6nnen aus verschiedenen Mineralien bestehen, sind aber zum gr\u00f6ssten Teil aus Quarz, da dieser am\u00a0stabilsten ist.<\/span><\/span><\/span><\/p>\n<p><span style=\"color: #252525;\"><span style=\"font-family: sans-serif;\"><span lang=\"de-DE\">Besteht der Anteil der Sandk\u00f6rner zu mindestens 90% Quarz, spricht man von einem Quarzsandstein. Wird der Anteil an Feldsp\u00e4ten gr\u00f6sser als 25%, redet man von einer Arkose.\u00a0<\/span><\/span><\/span><\/p>\n<p><span style=\"color: #252525;\"><span style=\"font-family: sans-serif;\"><span lang=\"de-DE\">Ist der \u00fcberwiegende Anteil der Sandk\u00f6rner gr\u00f6sser als 2mm handelt es sich um ein Konglomerat, sofern die K\u00f6rner gerundet sind. Bei kantigen K\u00f6rnern und Steinen spricht man von einer Brekzie.<\/span><\/span><\/span><\/p>\n<p>(Weitere Informationen: <a href=\"http:\/\/de.wikipedia.org\/wiki\/Sandstein\">Wikipedia Sandstein<\/a>)<\/p>\n","protected":false},"excerpt":{"rendered":"<p>Sandstein\u00a0ist ein klastisches\u00a0Sedimentgestein\u00a0mit einem Anteil von mindestens 50\u00a0%\u00a0Sandk\u00f6rnern. Die Sandk\u00f6rner sind per Eigendefinition zwischen 0,063 und 2\u00a0mm gro\u00df und bestehen aus verschiedenen\u00a0Mineralen, meistens jedoch aus Quarz. Ein Sandstein ist ein Sedimentgestein, das aus kleinen Gesteinspartikeln besteht. Dabei muss der Anteil der Sandk\u00f6rner mindestens 50% sein. Per Definition spricht man von\u2026<\/p>\n<p class=\"continue-reading-button\"> <a class=\"continue-reading-link\" href=\"https:\/\/misgolu.ch\/?page_id=133\">Lese mehr &#8230;<i class=\"crycon-right-dir\"><\/i><\/a><\/p>\n","protected":false},"author":1,"featured_media":0,"parent":94,"menu_order":3,"comment_status":"closed","ping_status":"closed","template":"","meta":[],"_links":{"self":[{"href":"https:\/\/misgolu.ch\/index.php?rest_route=\/wp\/v2\/pages\/133"}],"collection":[{"href":"https:\/\/misgolu.ch\/index.php?rest_route=\/wp\/v2\/pages"}],"about":[{"href":"https:\/\/misgolu.ch\/index.php?rest_route=\/wp\/v2\/types\/page"}],"author":[{"embeddable":true,"href":"https:\/\/misgolu.ch\/index.php?rest_route=\/wp\/v2\/users\/1"}],"replies":[{"embeddable":true,"href":"https:\/\/misgolu.ch\/index.php?rest_route=%2Fwp%2Fv2%2Fcomments&post=133"}],"version-history":[{"count":6,"href":"https:\/\/misgolu.ch\/index.php?rest_route=\/wp\/v2\/pages\/133\/revisions"}],"predecessor-version":[{"id":185,"href":"https:\/\/misgolu.ch\/index.php?rest_route=\/wp\/v2\/pages\/133\/revisions\/185"}],"up":[{"embeddable":true,"href":"https:\/\/misgolu.ch\/index.php?rest_route=\/wp\/v2\/pages\/94"}],"wp:attachment":[{"href":"https:\/\/misgolu.ch\/index.php?rest_route=%2Fwp%2Fv2%2Fmedia&parent=133"}],"curies":[{"name":"wp","href":"https:\/\/api.w.org\/{rel}","templated":true}]}}