{"id":167,"date":"2015-01-18T18:48:11","date_gmt":"2015-01-18T17:48:11","guid":{"rendered":"http:\/\/misgolu.ch\/?page_id=167"},"modified":"2015-01-18T18:49:55","modified_gmt":"2015-01-18T17:49:55","slug":"zivilisationsueberreste","status":"publish","type":"page","link":"https:\/\/misgolu.ch\/?page_id=167","title":{"rendered":"Zivilisations\u00fcberreste"},"content":{"rendered":"<p>&nbsp;<\/p>\n<p>Neben den Betonbroken und Ziegelsteinen, die sich unter das nat\u00fcrliche Ger\u00f6ll mischen findet man auch verschiedene Eisenteile wie N\u00e4gel (auch uralt und handgeschmiedet), Schrauben, Zahnr\u00e4der, ganze Velos, Bettfedern und so weiter.<\/p>\n<p>Zumal bekommt man auch ein St\u00fcck in die H\u00e4nde, das aussieht wie ein Meteorit. Es d\u00fcrfte sich aber um Schlacke handeln, die aus der Zeit stammt, als im Entlebuch Glasfabriken betrieben wurden.<\/p>\n<p><strong><span style=\"color: #ff0000;\">Achtung, zwischen und unter den Steinen liegen auch viele Glasscherben und spitze N\u00e4gel, an denen man sich leicht verletzen kann.<\/span><\/strong><\/p>\n","protected":false},"excerpt":{"rendered":"<p>&nbsp; Neben den Betonbroken und Ziegelsteinen, die sich unter das nat\u00fcrliche Ger\u00f6ll mischen findet man auch verschiedene Eisenteile wie N\u00e4gel (auch uralt und handgeschmiedet), Schrauben, Zahnr\u00e4der, ganze Velos, Bettfedern und so weiter. Zumal bekommt man auch ein St\u00fcck in die H\u00e4nde, das aussieht wie ein Meteorit. Es d\u00fcrfte sich aber\u2026<\/p>\n<p class=\"continue-reading-button\"> <a class=\"continue-reading-link\" href=\"https:\/\/misgolu.ch\/?page_id=167\">Lese mehr &#8230;<i class=\"crycon-right-dir\"><\/i><\/a><\/p>\n","protected":false},"author":1,"featured_media":0,"parent":94,"menu_order":6,"comment_status":"closed","ping_status":"closed","template":"","meta":[],"_links":{"self":[{"href":"https:\/\/misgolu.ch\/index.php?rest_route=\/wp\/v2\/pages\/167"}],"collection":[{"href":"https:\/\/misgolu.ch\/index.php?rest_route=\/wp\/v2\/pages"}],"about":[{"href":"https:\/\/misgolu.ch\/index.php?rest_route=\/wp\/v2\/types\/page"}],"author":[{"embeddable":true,"href":"https:\/\/misgolu.ch\/index.php?rest_route=\/wp\/v2\/users\/1"}],"replies":[{"embeddable":true,"href":"https:\/\/misgolu.ch\/index.php?rest_route=%2Fwp%2Fv2%2Fcomments&post=167"}],"version-history":[{"count":1,"href":"https:\/\/misgolu.ch\/index.php?rest_route=\/wp\/v2\/pages\/167\/revisions"}],"predecessor-version":[{"id":169,"href":"https:\/\/misgolu.ch\/index.php?rest_route=\/wp\/v2\/pages\/167\/revisions\/169"}],"up":[{"embeddable":true,"href":"https:\/\/misgolu.ch\/index.php?rest_route=\/wp\/v2\/pages\/94"}],"wp:attachment":[{"href":"https:\/\/misgolu.ch\/index.php?rest_route=%2Fwp%2Fv2%2Fmedia&parent=167"}],"curies":[{"name":"wp","href":"https:\/\/api.w.org\/{rel}","templated":true}]}}