{"id":170,"date":"2015-01-18T18:54:10","date_gmt":"2015-01-18T17:54:10","guid":{"rendered":"http:\/\/misgolu.ch\/?page_id=170"},"modified":"2015-02-21T20:21:04","modified_gmt":"2015-02-21T19:21:04","slug":"gold","status":"publish","type":"page","link":"https:\/\/misgolu.ch\/?page_id=170","title":{"rendered":"Gold"},"content":{"rendered":"<p>&nbsp;<\/p>\n<p>Das Gold in der Kleinen Emmen kommt aus dem Napfgebiet. Urspr\u00fcnglich war es in Adern in den Uralpen abgelagert worden, der prim\u00e4ren Lagerst\u00e4tte. Durch die Verwitterung der Uralpen wurde das Gold zerkleinert und zusammen mit dem Geschiebe im Napff\u00e4cher abgelagert, wo es in der zweiten Lagerst\u00e4tte fein verteilt \u00fcber ein grosses Gebiet wieder in Gestein eingelagert wurde.<\/p>\n<p>Jetzt ist dieser Napff\u00e4cher wieder der Verwitterung ausgesetzt und nach und nach wird er abgetragen und alles darin befindliche durch die B\u00e4che in die Kleine Emme und danach in die Reuss gesp\u00fchlt. Darunter auch das Gold, das nun als kleinste St\u00e4ubchen und Flitterchen mit einer Pfanne aus dem Geschiebe gewaschen werden kann.<\/p>\n<p>Seit 1997, als ich in Jamestown Kalifornien einen Goldwaschkurs gemacht habe, hat mich das faszinierende gelbe Metall immer wieder an die B\u00e4che gezogen und ich erfreue mich immer noch, wenn ich diese unverkennbare Farbe in meiner Pfanne blinken sehe . . .<\/p>\n<div>Hier ein paar Fotos aus meiner kleinen <a title=\"Goldsammlung\" href=\"http:\/\/misgolu.ch\/?page_id=199\" target=\"_blank\">Sammlung<\/a> (bewusst ohne Skala, denn viel ist es nicht, und trotzdem faszinierend . . .)<\/div>\n<p>.<\/p>\n","protected":false},"excerpt":{"rendered":"<p>&nbsp; Das Gold in der Kleinen Emmen kommt aus dem Napfgebiet. Urspr\u00fcnglich war es in Adern in den Uralpen abgelagert worden, der prim\u00e4ren Lagerst\u00e4tte. Durch die Verwitterung der Uralpen wurde das Gold zerkleinert und zusammen mit dem Geschiebe im Napff\u00e4cher abgelagert, wo es in der zweiten Lagerst\u00e4tte fein verteilt \u00fcber\u2026<\/p>\n<p class=\"continue-reading-button\"> <a class=\"continue-reading-link\" href=\"https:\/\/misgolu.ch\/?page_id=170\">Lese mehr &#8230;<i class=\"crycon-right-dir\"><\/i><\/a><\/p>\n","protected":false},"author":1,"featured_media":0,"parent":94,"menu_order":7,"comment_status":"closed","ping_status":"closed","template":"","meta":[],"_links":{"self":[{"href":"https:\/\/misgolu.ch\/index.php?rest_route=\/wp\/v2\/pages\/170"}],"collection":[{"href":"https:\/\/misgolu.ch\/index.php?rest_route=\/wp\/v2\/pages"}],"about":[{"href":"https:\/\/misgolu.ch\/index.php?rest_route=\/wp\/v2\/types\/page"}],"author":[{"embeddable":true,"href":"https:\/\/misgolu.ch\/index.php?rest_route=\/wp\/v2\/users\/1"}],"replies":[{"embeddable":true,"href":"https:\/\/misgolu.ch\/index.php?rest_route=%2Fwp%2Fv2%2Fcomments&post=170"}],"version-history":[{"count":4,"href":"https:\/\/misgolu.ch\/index.php?rest_route=\/wp\/v2\/pages\/170\/revisions"}],"predecessor-version":[{"id":206,"href":"https:\/\/misgolu.ch\/index.php?rest_route=\/wp\/v2\/pages\/170\/revisions\/206"}],"up":[{"embeddable":true,"href":"https:\/\/misgolu.ch\/index.php?rest_route=\/wp\/v2\/pages\/94"}],"wp:attachment":[{"href":"https:\/\/misgolu.ch\/index.php?rest_route=%2Fwp%2Fv2%2Fmedia&parent=170"}],"curies":[{"name":"wp","href":"https:\/\/api.w.org\/{rel}","templated":true}]}}