{"id":90,"date":"2015-01-15T20:58:29","date_gmt":"2015-01-15T19:58:29","guid":{"rendered":"http:\/\/misgolu.ch\/?page_id=90"},"modified":"2021-04-04T22:22:48","modified_gmt":"2021-04-04T20:22:48","slug":"aktivitaeten","status":"publish","type":"page","link":"https:\/\/misgolu.ch\/?page_id=90","title":{"rendered":"Aktivit\u00e4ten"},"content":{"rendered":"<h2>Exkursionen nach Littau (Luzern)<\/h2>\n<h4>Treffpunkt:<\/h4>\n<p><a title=\"Treffpunkt MISGOLU Exkursion\" href=\"https:\/\/www.google.ch\/maps\/place\/47\u00b003'05.2&quot;N+8\u00b015'13.1&quot;E\/@47.053006,8.2560954,585m\/data=!3m1!1e3!4m2!3m1!1s0x0:0x0\">Kiesbank<\/a> bei der Br\u00fccke \u00fcber die Kleine Emme in Littau oder nach Vereinbahrung<\/p>\n<h4>Programm:<\/h4>\n<ul>\n<li>Einf\u00fchrung in die Goldwaschtechniken,<\/li>\n<li>Erkl\u00e4rungen zur Herkunft des Goldes in der Kleinen Emme<\/li>\n<li>Erkl\u00e4rungen der Steine in der Kleinen Emme<\/li>\n<li>Arbeit mit Waschpfannen und Schleusen<\/li>\n<\/ul>\n<h4>Mitbringen:<\/h4>\n<ul>\n<li>Wenn m\u00f6glich Gummistiefel<\/li>\n<li>Kleider dem Wetter entsprechend<\/li>\n<li>eine Lupe ist manchmal n\u00fctzlich<\/li>\n<li>Verpflegung aus dem Rucksack<\/li>\n<\/ul>\n<h4>Zeit:<\/h4>\n<ul>\n<li>Samstags<\/li>\n<li>Sonntags<\/li>\n<li>Im Sommer auch abends m\u00f6glich<\/li>\n<li>nach Vereinbarung<\/li>\n<li>Zeitaufwand mindestes 2 Stunden (meistens ca. 4 Stunden)<\/li>\n<li>Durchf\u00fchrung Witterungsabh\u00e4ngig (Fr\u00fchling bis Herbst)<\/li>\n<\/ul>\n<h4>\u00a0Kosten:<\/h4>\n<ul>\n<li>Gegen ein Taschengeld ist nichts einzuwenden<\/li>\n<\/ul>\n<h4>Versicherung:<\/h4>\n<ul>\n<li>Sache der Teilnehmer<\/li>\n<\/ul>\n<h4>\u00a0Anmeldung:<\/h4>\n<ul>\n<li>info@misgolu.ch<\/li>\n<li>oder 079 565 50 31 (am besten ab 18:00)<\/li>\n<\/ul>\n","protected":false},"excerpt":{"rendered":"<p>Exkursionen nach Littau (Luzern) Treffpunkt: Kiesbank bei der Br\u00fccke \u00fcber die Kleine Emme in Littau oder nach Vereinbahrung Programm: Einf\u00fchrung in die Goldwaschtechniken, Erkl\u00e4rungen zur Herkunft des Goldes in der Kleinen Emme Erkl\u00e4rungen der Steine in der Kleinen Emme Arbeit mit Waschpfannen und Schleusen Mitbringen: Wenn m\u00f6glich Gummistiefel Kleider dem\u2026<\/p>\n<p class=\"continue-reading-button\"> <a class=\"continue-reading-link\" href=\"https:\/\/misgolu.ch\/?page_id=90\">Lese mehr &#8230;<i class=\"crycon-right-dir\"><\/i><\/a><\/p>\n","protected":false},"author":1,"featured_media":0,"parent":9,"menu_order":1,"comment_status":"closed","ping_status":"closed","template":"","meta":[],"_links":{"self":[{"href":"https:\/\/misgolu.ch\/index.php?rest_route=\/wp\/v2\/pages\/90"}],"collection":[{"href":"https:\/\/misgolu.ch\/index.php?rest_route=\/wp\/v2\/pages"}],"about":[{"href":"https:\/\/misgolu.ch\/index.php?rest_route=\/wp\/v2\/types\/page"}],"author":[{"embeddable":true,"href":"https:\/\/misgolu.ch\/index.php?rest_route=\/wp\/v2\/users\/1"}],"replies":[{"embeddable":true,"href":"https:\/\/misgolu.ch\/index.php?rest_route=%2Fwp%2Fv2%2Fcomments&post=90"}],"version-history":[{"count":13,"href":"https:\/\/misgolu.ch\/index.php?rest_route=\/wp\/v2\/pages\/90\/revisions"}],"predecessor-version":[{"id":595,"href":"https:\/\/misgolu.ch\/index.php?rest_route=\/wp\/v2\/pages\/90\/revisions\/595"}],"up":[{"embeddable":true,"href":"https:\/\/misgolu.ch\/index.php?rest_route=\/wp\/v2\/pages\/9"}],"wp:attachment":[{"href":"https:\/\/misgolu.ch\/index.php?rest_route=%2Fwp%2Fv2%2Fmedia&parent=90"}],"curies":[{"name":"wp","href":"https:\/\/api.w.org\/{rel}","templated":true}]}}